{"id":33,"date":"2021-05-27T18:55:14","date_gmt":"2021-05-27T16:55:14","guid":{"rendered":"https:\/\/www.burgmedizin.de\/WordPress\/?page_id=33"},"modified":"2021-05-27T23:05:55","modified_gmt":"2021-05-27T21:05:55","slug":"datenschutz","status":"publish","type":"page","link":"https:\/\/www.burgmedizin.de\/WordPress\/datenschutz\/","title":{"rendered":"Datenschutz"},"content":{"rendered":"\n<p>Datenschutzerkl\u00e4rung nach der DSGVO<\/p>\n\n\n\n<p>Der Verantwortliche im Sinne der Datenschutz-Grundverordnung und anderer nationaler Datenschutzgesetze der Bundesrepublik Deutschland sowie sonstiger datenschutzrechtlicher Bestimmungen ist die:<\/p>\n\n\n\n<p>Burg-Apotheke, Vladimir Minke e.K.<br>Regensburgerstr. 49<br>D-93133 Burglengenfeld<br>Tel: 09471-5532<br>Email: burgmedizin@yahoo.de<\/p>\n\n\n\n<p>Der Betreiber dieser Seite nimmt den Schutz Ihrer pers\u00f6nlichen Daten sehr ernst. Wir behandeln Ihre personenbezogenen Daten vertraulich und entsprechend der gesetzlichen Datenschutzvorschriften sowie dieser Datenschutzerkl\u00e4rung.<br>Die Nutzung unserer Website ist in der Regel ohne Angabe personenbezogener Daten m\u00f6glich. Soweit auf unseren Seiten personenbezogene Daten (beispielsweise Name, Anschrift oder E-Mail-Adressen) erhoben werden, erfolgt dies, soweit m\u00f6glich, stets auf freiwilliger Basis. Diese Daten werden ohne Ihre ausdr\u00fcckliche Zustimmung nicht an Dritte weitergegeben.<br>Wir weisen darauf hin, dass die Daten\u00fcbertragung im Internet (z.B. bei der Kommunikation per E-Mail) Sicherheitsl\u00fccken aufweisen kann. Ein vollumf\u00e4nglicher Schutz der Daten vor dem Zugriff durch Dritte ist nicht realisierbar.<br>Die Rechtsgrundlage der Datenverarbeitung auf dieser Homepage ist Art. 6 Abs. 1 DSGVO. Die \u00dcbermittlung s\u00e4mtlicher Daten ist derzeit noch ungesichert, d. h. sie erfolgt nicht \u00fcber eine https-Verbindung. Daher k\u00f6nnten die \u00fcbermittelten Daten auch unbefugten Dritten zur Kenntnis gelangen. Die angebotene Emailkomunikation ist SSL verschl\u00fcsselt.<br>S\u00e4mtliche erhobene Daten (s. u.) werden zum Zweck der Nutzung dieser Homepage und zum Schutz der Rechte und des (auch geistigen) Eigentums des Herausgebers verarbeitet. Diese Daten werden auch verarbeitet, um den Aufbau sowie die Aufrechterhaltung der Verbindung sowie ein problemloses Surfen auf dieser Homepage gew\u00e4hrleisten zu k\u00f6nnen. Die Datenverarbeitung erfolgt ebenso f\u00fcr administrative Zwecke zur Auswertung von Nutzungsstatistiken.<br>Die benannten Zwecke begr\u00fcnden im Weiteren das Herausgeberinteresse an der Datenverarbeitung durch Nutzung dieser Homepage an sich.<br>S\u00e4mtliche erhobene Daten und Informationen werden nicht genutzt, um den Nutzer dieser Homepage pers\u00f6nlich zu identifizieren, es sei denn, er tritt \u00fcber die auf der Webseite angebotenen digitalen M\u00f6glichkeiten mit dem Herausgeber in Kontakt.<br>Um die Nutzerdaten gegen zuf\u00e4llige oder vors\u00e4tzliche Manipulationen, teilweisen oder vollst\u00e4ndigen Verlust, Zerst\u00f6rung oder gegen den unbefugten Zugriff Dritter zu sch\u00fctzen, kommen im Zugriffsbereich geeignete technische und organisatorische Sicherheitsma\u00dfnahmen zum Einsatz (Art. 25 DSGVO).<br>Auf dieser Homepage befinden sich Verlinkungen zu anderen Webseiten im Internet. Mit Anklicken dieser Verlinkungen verl\u00e4sst der Nutzer diese Homepage. Der Herausgeber dieser Homepage \u00fcbernimmt keine Haftung f\u00fcr Rechtsverletzungen, dahingestellt aus welchem Rechtsgrund, die mit dem Anklicken der Verlinkungen sowie dem Verlassen dieser Homepage einhergehen k\u00f6nnten. Insbesondere haftet der Herausgeber nicht f\u00fcr Datenschutzverletzungen, die sich allein durch Anklicken oder Mausber\u00fchrung der Verlinkungen sowie dar\u00fcber hinaus durch Besuch der extern verlinkten Seiten ergeben.<br>Diese Seite nutzt den Kartendienst Google Maps. Anbieter ist die Google Inc., 1600 Amphitheatre Parkway, Mountain View, CA 94043, USA.<br>Zur Nutzung der Funktionen von Google Maps ist es notwendig, Ihre IP Adresse zu speichern. Diese Informationen werden in der Regel an einen Server von Google in den USA \u00fcbertragen und dort gespeichert. Der Anbieter dieser Seite hat keinen Einfluss auf diese Daten\u00fcbertragung.<br>Die Nutzung von Google Maps erfolgt im Interesse einer ansprechenden Darstellung unserer Online-Angebote und an einer leichten Auffindbarkeit der von uns auf der Website angegebenen Orte. Dies stellt ein berechtigtes Interesse im Sinne von Art. 6 Abs. 1 lit. f DSGVO dar.<br>Mehr Informationen zum Umgang mit Nutzerdaten finden Sie in der Datenschutzerkl\u00e4rung von Google: https:\/\/www.google.de\/intl\/de\/policies\/privacy\/.<\/p>\n\n\n\n<p>Beim Aufrufen dieser Homepage werden durch den vom Nutzer verwendeten Browser automatisch verschiedene Informationen an den Server, von dem diese Homepage in dem Moment abgerufen wird, \u00fcbertragen. Diese werden zumindest zeitweilig in einer Speicherdatei auf dem Server erfasst, einem sogenannten Log-File. Davon unbenommen sind Daten, die der Internetprovider des Nutzers auf gesetzlicher oder sonstiger Basis vom Nutzer erfasst und eventuell speichert. Vorbenannte Informationen sind z. B. die IP-Adresse des Nutzer-Endger\u00e4tes, Datum und Uhrzeit des Zugriffs, Name und Internetadresse der abgerufenen Dateien, die Ursprungswebseite, von der aus der Zugriff erfolgt, der zugreifende Browser und das Betriebssystem des Zugriffger\u00e4tes sowie der Name des Access-Providers des Nutzers.<br>Auf dieser Homepage wird die M\u00f6glichkeit des Direktkontaktes \u00fcber ein entsprechendes Formular geboten, in dem der Nutzer seine Daten freiwillig eintragen kann. Dazu geh\u00f6rt auch eine vom Nutzer anzugebende E-Mailadresse oder Telefonnummer, die als Pflichtfeld gekennzeichnet sind, da der gew\u00fcnschte Kontakt sonst nicht hergestellt werden kann. Mit dem Eintrag und der Best\u00e4tigung des Opt-Ins zur Kontaktaufnahme erteilt der Nutzer dem Herausgeber die freiwillige Einwilligung zu dieser Kontaktaufnahme nach Art. 6 Abs. 1 Satz 1 a) DSGVO. Die \u00fcbermittelten Kontaktdaten werden gel\u00f6scht, wenn die Nutzeranfrage abschlie\u00dfend bearbeitet wurde, bzw. unabh\u00e4ngig von einer erfolgten Kontaktaufnahme automatisch sp\u00e4testens nach einem Monat.<\/p>\n\n\n\n<p>Weiterhin hat der Nutzer als Betroffene(r) folgende Rechte:<br>Der Nutzer kann gem\u00e4\u00df Art. 15 DSGVO Auskunft \u00fcber seine vom Herausgeber verarbeiteten personenbezogenen Daten verlangen. Dies betrifft besonders den Verarbeitungszweck, die Kategorie der personenbezogenen Daten, die Kategorien von Empf\u00e4ngern, denen die Nutzerdaten \u00fcbermittelt werden, die Speicherdauer der Nutzerdaten, die Nutzerrechte auf Berichtigung (Art. 16 DSGVO), L\u00f6schung (Art. 17 DSGVO), Einschr\u00e4nkung der Verarbeitung (Art. 18 DSGVO) oder Widerspruch (Art. 21 DGSVO) sowie das Bestehen eines Beschwerderechts (Art. 77 DSGVO).<br>Au\u00dferdem hat der Nutzer das Recht auf Daten\u00fcbertragbarkeit (Art. 20 DSGVO), das hei\u00dft \u00dcbermittlung der vom Nutzer bereitgestellten Daten durch den Herausgeber der Seite in einem strukturierten, g\u00e4ngigen und maschinenlesebaren Format an sich selbst oder an einen anderen Verantwortlichen.<br>Sollte der Nutzer dem Herausgeber eine Einwilligung zur Datenerhebung erteilt haben, kann diese gem\u00e4\u00df Art. 7 Abs. 3 DSGVO jederzeit widerrufen oder abge\u00e4ndert werden. Dies hat zur Folge, dass die Datenverarbeitung, die auf dieser Einwilligung beruhte, f\u00fcr die Zukunft nicht mehr in der vormaligen Weise fortgef\u00fchrt werden darf.<br>Beschwerderecht bei der zust\u00e4ndigen Aufsichtsbeh\u00f6rde<br>Im Falle datenschutzrechtlicher Verst\u00f6\u00dfe steht dem Betroffenen ein Beschwerderecht bei der zust\u00e4ndigen Aufsichtsbeh\u00f6rde zu. Zust\u00e4ndige Aufsichtsbeh\u00f6rde in datenschutzrechtlichen Fragen ist der Landesdatenschutzbeauftragte des Bundeslandes, in dem unser Unternehmen seinen Sitz hat. Eine Liste der Datenschutzbeauftragten sowie deren Kontaktdaten k\u00f6nnen folgendem Link entnommen werden: https:\/\/www.bfdi.bund.de\/DE\/Infothek\/Anschriften_Links\/anschriften_links-node.html.<\/p>\n\n\n\n<p>\u00a9 05\/2018 B\u00e4ren-Apotheke Vladimir Minke e.K. in 93055 Regensburg<\/p>\n","protected":false},"excerpt":{"rendered":"<p>Datenschutzerkl\u00e4rung nach der DSGVO Der Verantwortliche im Sinne der Datenschutz-Grundverordnung und anderer nationaler Datenschutzgesetze der Bundesrepublik Deutschland sowie sonstiger datenschutzrechtlicher Bestimmungen ist die: Burg-Apotheke, Vladimir Minke e.K.Regensburgerstr. 49D-93133 BurglengenfeldTel: 09471-5532Email: burgmedizin@yahoo.de Der Betreiber dieser Seite nimmt den Schutz Ihrer pers\u00f6nlichen Daten sehr ernst. Wir behandeln Ihre personenbezogenen Daten vertraulich und entsprechend der gesetzlichen Datenschutzvorschriften sowie&hellip; <a class=\"more-link\" href=\"https:\/\/www.burgmedizin.de\/WordPress\/datenschutz\/\"><span class=\"screen-reader-text\">Datenschutz<\/span> weiterlesen<\/a><\/p>\n","protected":false},"author":1,"featured_media":0,"parent":0,"menu_order":6,"comment_status":"closed","ping_status":"closed","template":"","meta":{"footnotes":""},"class_list":["post-33","page","type-page","status-publish","hentry","entry"],"_links":{"self":[{"href":"https:\/\/www.burgmedizin.de\/WordPress\/wp-json\/wp\/v2\/pages\/33","targetHints":{"allow":["GET"]}}],"collection":[{"href":"https:\/\/www.burgmedizin.de\/WordPress\/wp-json\/wp\/v2\/pages"}],"about":[{"href":"https:\/\/www.burgmedizin.de\/WordPress\/wp-json\/wp\/v2\/types\/page"}],"author":[{"embeddable":true,"href":"https:\/\/www.burgmedizin.de\/WordPress\/wp-json\/wp\/v2\/users\/1"}],"replies":[{"embeddable":true,"href":"https:\/\/www.burgmedizin.de\/WordPress\/wp-json\/wp\/v2\/comments?post=33"}],"version-history":[{"count":4,"href":"https:\/\/www.burgmedizin.de\/WordPress\/wp-json\/wp\/v2\/pages\/33\/revisions"}],"predecessor-version":[{"id":65,"href":"https:\/\/www.burgmedizin.de\/WordPress\/wp-json\/wp\/v2\/pages\/33\/revisions\/65"}],"wp:attachment":[{"href":"https:\/\/www.burgmedizin.de\/WordPress\/wp-json\/wp\/v2\/media?parent=33"}],"curies":[{"name":"wp","href":"https:\/\/api.w.org\/{rel}","templated":true}]}}