{"id":31,"date":"2021-05-27T18:46:44","date_gmt":"2021-05-27T16:46:44","guid":{"rendered":"https:\/\/www.burgmedizin.de\/WordPress\/?page_id=31"},"modified":"2021-06-01T12:53:31","modified_gmt":"2021-06-01T10:53:31","slug":"impressum","status":"publish","type":"page","link":"https:\/\/www.burgmedizin.de\/WordPress\/impressum\/","title":{"rendered":"Impressum"},"content":{"rendered":"\n<p><strong>Impressum<\/strong><\/p>\n\n\n\n<p><strong>BURG-APOTHEKE<br>Regensburger Stra\u00dfe 49 in 93133 Burglengenfeld<br>Tel: 09 471 \/ 55 32<br>Fax: 09 471 \/ 80 87 28<\/strong><\/p>\n\n\n\n<p><strong>Inhaber: Apotheker Vladimir Minke, e. Kaufmann<\/strong><\/p>\n\n\n\n<p><strong>Filialleitung J\u00fcrgen Boxhorn<\/strong><\/p>\n\n\n\n<p><strong>Handelsregister: Amtsgericht Regensburg&nbsp;<br>Handelsregisternummer: HRA 6956<br>USt.-ID-Nr.: 193 532 529<\/strong><\/p>\n\n\n\n<p><strong>Zust\u00e4ndige Apothekerkammer:<\/strong><strong>&nbsp;<\/strong><a href=\"http:\/\/www.blak.de\/2\/kammer\/teledienstegesetz.shtml\">Bayerische Landesapothekerkammer<\/a><\/p>\n\n\n\n<p><strong>Zust\u00e4ndige Aufsichtsbeh\u00f6rde:<\/strong>&nbsp;Ordnungsamt der Stadt Regensburg<\/p>\n\n\n\n<p>F\u00fcr die Inhalte zeichnet&nbsp;<a href=\"mailto:baerenmedizin@yahoo.de\">Vladimir Minke<\/a>&nbsp;verantwortlich.<\/p>\n\n\n\n<p>Website-Entwicklung und -gestaltung:&nbsp;BURG-APOTHEKE Vladimir Minke<\/p>\n\n\n\n<p><strong>Haftungsrechtlicher Hinweis<\/strong><\/p>\n\n\n\n<p>Trotz sorgf\u00e4ltiger inhaltlicher Kontrolle \u00fcbernehmen wir keine Haftung f\u00fcr Inhalte externer Links.<br>F\u00fcr die Inhalte der verlinkten Seiten sind lediglich deren Betreiber verantwortlich.<\/p>\n","protected":false},"excerpt":{"rendered":"<p>Impressum BURG-APOTHEKERegensburger Stra\u00dfe 49 in 93133 BurglengenfeldTel: 09 471 \/ 55 32Fax: 09 471 \/ 80 87 28 Inhaber: Apotheker Vladimir Minke, e. Kaufmann Filialleitung J\u00fcrgen Boxhorn Handelsregister: Amtsgericht Regensburg&nbsp;Handelsregisternummer: HRA 6956USt.-ID-Nr.: 193 532 529 Zust\u00e4ndige Apothekerkammer:&nbsp;Bayerische Landesapothekerkammer Zust\u00e4ndige Aufsichtsbeh\u00f6rde:&nbsp;Ordnungsamt der Stadt Regensburg F\u00fcr die Inhalte zeichnet&nbsp;Vladimir Minke&nbsp;verantwortlich. Website-Entwicklung und -gestaltung:&nbsp;BURG-APOTHEKE Vladimir Minke Haftungsrechtlicher Hinweis&hellip; <a class=\"more-link\" href=\"https:\/\/www.burgmedizin.de\/WordPress\/impressum\/\"><span class=\"screen-reader-text\">Impressum<\/span> weiterlesen<\/a><\/p>\n","protected":false},"author":1,"featured_media":0,"parent":0,"menu_order":5,"comment_status":"closed","ping_status":"closed","template":"","meta":{"footnotes":""},"class_list":["post-31","page","type-page","status-publish","hentry","entry"],"_links":{"self":[{"href":"https:\/\/www.burgmedizin.de\/WordPress\/wp-json\/wp\/v2\/pages\/31","targetHints":{"allow":["GET"]}}],"collection":[{"href":"https:\/\/www.burgmedizin.de\/WordPress\/wp-json\/wp\/v2\/pages"}],"about":[{"href":"https:\/\/www.burgmedizin.de\/WordPress\/wp-json\/wp\/v2\/types\/page"}],"author":[{"embeddable":true,"href":"https:\/\/www.burgmedizin.de\/WordPress\/wp-json\/wp\/v2\/users\/1"}],"replies":[{"embeddable":true,"href":"https:\/\/www.burgmedizin.de\/WordPress\/wp-json\/wp\/v2\/comments?post=31"}],"version-history":[{"count":6,"href":"https:\/\/www.burgmedizin.de\/WordPress\/wp-json\/wp\/v2\/pages\/31\/revisions"}],"predecessor-version":[{"id":97,"href":"https:\/\/www.burgmedizin.de\/WordPress\/wp-json\/wp\/v2\/pages\/31\/revisions\/97"}],"wp:attachment":[{"href":"https:\/\/www.burgmedizin.de\/WordPress\/wp-json\/wp\/v2\/media?parent=31"}],"curies":[{"name":"wp","href":"https:\/\/api.w.org\/{rel}","templated":true}]}}