{"id":24,"date":"2021-05-27T18:34:54","date_gmt":"2021-05-27T16:34:54","guid":{"rendered":"https:\/\/www.burgmedizin.de\/WordPress\/?page_id=24"},"modified":"2021-05-28T23:42:26","modified_gmt":"2021-05-28T21:42:26","slug":"dienstleistungen","status":"publish","type":"page","link":"https:\/\/www.burgmedizin.de\/WordPress\/dienstleistungen\/","title":{"rendered":"Dienstleistungen"},"content":{"rendered":"\n<p><strong>Unsere Dienstleistungen<\/strong><\/p>\n\n\n\n<ol class=\"wp-block-list\"><li>Blutzuckermessung<\/li><li>Blutdruckmessung<\/li><li>K\u00f6rperfettbestimmung<\/li><li>K\u00f6rpergewichtbestimmung<\/li><li>BMI-Index-Bestimmung&nbsp;<\/li><\/ol>\n\n\n\n<p>Sie k\u00f6nnen bei uns elektrische Babywaagen und elektrische Milchpumpen ausleihen.<\/p>\n\n\n\n<p>Wir stellen Ihre pers\u00f6nliche Haus- und Reiseapotheke zusammen.<\/p>\n\n\n\n<p>Gerne beraten wir Sie \u00fcber Ihr Blutzuckermessger\u00e4t und \u00fcber die Handhabung von Inhalationshilfen bei Asthma.<\/p>\n\n\n\n<p>Wir informieren Sie \u00fcber empfohlene Schutzimpfungen in Ihrem Urlaubsland.<\/p>\n\n\n\n<p>Wir messen Ihnen die verordneten Kompressionsstr\u00fcmpfe individuell an.<\/p>\n\n\n\n<p>Diese und weitere Leistungen erhalten Sie bei uns teils gegen eine geringe Schutzgeb\u00fchr, teils kostenfrei.<\/p>\n","protected":false},"excerpt":{"rendered":"<p>Unsere Dienstleistungen Blutzuckermessung Blutdruckmessung K\u00f6rperfettbestimmung K\u00f6rpergewichtbestimmung BMI-Index-Bestimmung&nbsp; Sie k\u00f6nnen bei uns elektrische Babywaagen und elektrische Milchpumpen ausleihen. Wir stellen Ihre pers\u00f6nliche Haus- und Reiseapotheke zusammen. Gerne beraten wir Sie \u00fcber Ihr Blutzuckermessger\u00e4t und \u00fcber die Handhabung von Inhalationshilfen bei Asthma. Wir informieren Sie \u00fcber empfohlene Schutzimpfungen in Ihrem Urlaubsland. Wir messen Ihnen die verordneten Kompressionsstr\u00fcmpfe&hellip; <a class=\"more-link\" href=\"https:\/\/www.burgmedizin.de\/WordPress\/dienstleistungen\/\"><span class=\"screen-reader-text\">Dienstleistungen<\/span> weiterlesen<\/a><\/p>\n","protected":false},"author":1,"featured_media":0,"parent":0,"menu_order":4,"comment_status":"closed","ping_status":"closed","template":"","meta":{"footnotes":""},"class_list":["post-24","page","type-page","status-publish","hentry","entry"],"_links":{"self":[{"href":"https:\/\/www.burgmedizin.de\/WordPress\/wp-json\/wp\/v2\/pages\/24","targetHints":{"allow":["GET"]}}],"collection":[{"href":"https:\/\/www.burgmedizin.de\/WordPress\/wp-json\/wp\/v2\/pages"}],"about":[{"href":"https:\/\/www.burgmedizin.de\/WordPress\/wp-json\/wp\/v2\/types\/page"}],"author":[{"embeddable":true,"href":"https:\/\/www.burgmedizin.de\/WordPress\/wp-json\/wp\/v2\/users\/1"}],"replies":[{"embeddable":true,"href":"https:\/\/www.burgmedizin.de\/WordPress\/wp-json\/wp\/v2\/comments?post=24"}],"version-history":[{"count":15,"href":"https:\/\/www.burgmedizin.de\/WordPress\/wp-json\/wp\/v2\/pages\/24\/revisions"}],"predecessor-version":[{"id":94,"href":"https:\/\/www.burgmedizin.de\/WordPress\/wp-json\/wp\/v2\/pages\/24\/revisions\/94"}],"wp:attachment":[{"href":"https:\/\/www.burgmedizin.de\/WordPress\/wp-json\/wp\/v2\/media?parent=24"}],"curies":[{"name":"wp","href":"https:\/\/api.w.org\/{rel}","templated":true}]}}